{"id":214,"date":"2024-09-25T14:34:30","date_gmt":"2024-09-25T14:34:30","guid":{"rendered":"http:\/\/85.215.161.183\/TvoDev\/?page_id=214"},"modified":"2025-11-09T16:30:24","modified_gmt":"2025-11-09T16:30:24","slug":"volleyball","status":"publish","type":"page","link":"https:\/\/tv-oberfrohna.de\/?page_id=214","title":{"rendered":"Volleyball"},"content":{"rendered":"\n<p>Volleyball ist eine in den USA erfundene Mannschaftssportart, die zu den<br>R\u00fcckschlagspielen z\u00e4hlt. Es stehen sich 2 Mannschaften mit je 6 Spielern, getrennt durch ein hohes Netz, gegen\u00fcber. Mit den H\u00e4nden wird versucht den Ball durch hin und her schlagen auf das gegnerische Spielfeld zu bringen, bevor er zur\u00fcckgeschlagen werden kann.<br>Wir spielen hier im Verein als gemischte Freizeitmannschaft. Uns geht es im Training um die Verbesserung der Grundkenntnisse und die Optimierung der verschiedenen Positionen im Spiel. Um unsere Leistungen ab und an mal zu \u00fcberpr\u00fcfen, nehmen wir gern an Freizeit-Turnieren hier in der Region teil.<br>Die Abteilung Volleyball freut sich immer \u00fcber neue Mitglieder. Bei Interesse kommt gern zu unserer Trainingszeit vorbei.<\/p>\n\n\n\n<p>Trainingszeiten\/-Ort:<br>Donnerstag (20.00-22.00 Uhr)<br>Jahnhaus, Turnhalle<\/p>\n\n\n\n<p>Ansprechpartner:<br>Nico H\u00fcbner<\/p>\n","protected":false},"excerpt":{"rendered":"<p>Volleyball ist eine in den USA erfundene Mannschaftssportart, die zu denR\u00fcckschlagspielen z\u00e4hlt. Es stehen sich 2 Mannschaften mit je 6 Spielern, getrennt durch ein hohes Netz, gegen\u00fcber. Mit den H\u00e4nden wird versucht den Ball durch hin und her schlagen auf das gegnerische Spielfeld zu bringen, bevor er zur\u00fcckgeschlagen werden kann.Wir spielen hier im Verein als [&hellip;]<\/p>\n","protected":false},"author":1,"featured_media":0,"parent":0,"menu_order":0,"comment_status":"closed","ping_status":"closed","template":"","meta":{"footnotes":""},"class_list":["post-214","page","type-page","status-publish","hentry"],"_links":{"self":[{"href":"https:\/\/tv-oberfrohna.de\/index.php?rest_route=\/wp\/v2\/pages\/214","targetHints":{"allow":["GET"]}}],"collection":[{"href":"https:\/\/tv-oberfrohna.de\/index.php?rest_route=\/wp\/v2\/pages"}],"about":[{"href":"https:\/\/tv-oberfrohna.de\/index.php?rest_route=\/wp\/v2\/types\/page"}],"author":[{"embeddable":true,"href":"https:\/\/tv-oberfrohna.de\/index.php?rest_route=\/wp\/v2\/users\/1"}],"replies":[{"embeddable":true,"href":"https:\/\/tv-oberfrohna.de\/index.php?rest_route=%2Fwp%2Fv2%2Fcomments&post=214"}],"version-history":[{"count":2,"href":"https:\/\/tv-oberfrohna.de\/index.php?rest_route=\/wp\/v2\/pages\/214\/revisions"}],"predecessor-version":[{"id":1827,"href":"https:\/\/tv-oberfrohna.de\/index.php?rest_route=\/wp\/v2\/pages\/214\/revisions\/1827"}],"wp:attachment":[{"href":"https:\/\/tv-oberfrohna.de\/index.php?rest_route=%2Fwp%2Fv2%2Fmedia&parent=214"}],"curies":[{"name":"wp","href":"https:\/\/api.w.org\/{rel}","templated":true}]}}