{"id":419,"date":"2024-11-01T15:31:43","date_gmt":"2024-11-01T15:31:43","guid":{"rendered":"http:\/\/85.215.161.183\/TvoDev\/?page_id=419"},"modified":"2025-11-09T16:17:00","modified_gmt":"2025-11-09T16:17:00","slug":"aerobic","status":"publish","type":"page","link":"http:\/\/tv-oberfrohna.de\/?page_id=419","title":{"rendered":"Aerobic"},"content":{"rendered":"\n<p>Aerobic ist ein Fitnesstraining&nbsp;in der Gruppe mit rhythmischen<br>Bewegungen zu motivierender Musik. Die Grundelemente sind<br>haupts\u00e4chlich Ausdauer und Koordination. Die \u00dcbungen, die<br>von einer \u00dcbungsleiterin vorgef\u00fchrt werden, sind eine Mischung<br>aus Gymnastik und Tanz und werden zu einer Choreographie<br>zusammengestellt. Dabei verwenden wir auch Therab\u00e4nder und<br>Steppbretter.<\/p>\n\n\n\n<p>Bewegung und Spa\u00df stehen bei uns im Vordergrund.<\/p>\n\n\n\n<h3 class=\"wp-block-heading\">\u00dcbungszeiten\/-ort:<\/h3>\n\n\n\n<p>montags: 19:00 Uhr &#8211; 20:00 Uhr<br>Gro\u00dfsporthalle L.-O.<br>Teilnehmer:<br>z.Z. Frauen zwischen 45 und 70 Jahren, aber auch f\u00fcr J\u00fcngere<br>geeignet<br>Interessenten k\u00f6nnen einfach zur \u00dcbungszeit vorbeikommen<br>und mitmachen.<\/p>\n\n\n\n<h3 class=\"wp-block-heading\">Trainerteam<\/h3>\n\n\n\n<p>Steffi Ratsch (\u00dcbungsleiterin)<br>Tel.\u00a0: 03722\/815419<br>Email: ratsch.st@web.de<\/p>\n\n\n\n<p><\/p>\n\n\n\n<p><\/p>\n","protected":false},"excerpt":{"rendered":"<p>Aerobic ist ein Fitnesstraining&nbsp;in der Gruppe mit rhythmischenBewegungen zu motivierender Musik. Die Grundelemente sindhaupts\u00e4chlich Ausdauer und Koordination. Die \u00dcbungen, dievon einer \u00dcbungsleiterin vorgef\u00fchrt werden, sind eine Mischungaus Gymnastik und Tanz und werden zu einer Choreographiezusammengestellt. Dabei verwenden wir auch Therab\u00e4nder undSteppbretter. Bewegung und Spa\u00df stehen bei uns im Vordergrund. \u00dcbungszeiten\/-ort: montags: 19:00 Uhr &#8211; 20:00 [&hellip;]<\/p>\n","protected":false},"author":1,"featured_media":0,"parent":0,"menu_order":0,"comment_status":"closed","ping_status":"closed","template":"","meta":{"footnotes":""},"class_list":["post-419","page","type-page","status-publish","hentry"],"_links":{"self":[{"href":"http:\/\/tv-oberfrohna.de\/index.php?rest_route=\/wp\/v2\/pages\/419","targetHints":{"allow":["GET"]}}],"collection":[{"href":"http:\/\/tv-oberfrohna.de\/index.php?rest_route=\/wp\/v2\/pages"}],"about":[{"href":"http:\/\/tv-oberfrohna.de\/index.php?rest_route=\/wp\/v2\/types\/page"}],"author":[{"embeddable":true,"href":"http:\/\/tv-oberfrohna.de\/index.php?rest_route=\/wp\/v2\/users\/1"}],"replies":[{"embeddable":true,"href":"http:\/\/tv-oberfrohna.de\/index.php?rest_route=%2Fwp%2Fv2%2Fcomments&post=419"}],"version-history":[{"count":4,"href":"http:\/\/tv-oberfrohna.de\/index.php?rest_route=\/wp\/v2\/pages\/419\/revisions"}],"predecessor-version":[{"id":1818,"href":"http:\/\/tv-oberfrohna.de\/index.php?rest_route=\/wp\/v2\/pages\/419\/revisions\/1818"}],"wp:attachment":[{"href":"http:\/\/tv-oberfrohna.de\/index.php?rest_route=%2Fwp%2Fv2%2Fmedia&parent=419"}],"curies":[{"name":"wp","href":"https:\/\/api.w.org\/{rel}","templated":true}]}}