{"id":40,"date":"2024-04-14T08:06:09","date_gmt":"2024-04-14T08:06:09","guid":{"rendered":"http:\/\/85.215.161.183\/TvoDev\/?page_id=40"},"modified":"2026-01-30T17:47:23","modified_gmt":"2026-01-30T17:47:23","slug":"sponsoren","status":"publish","type":"page","link":"http:\/\/tv-oberfrohna.de\/?page_id=40","title":{"rendered":"Sponsoren"},"content":{"rendered":"\n<div class=\"wp-block-group has-global-padding is-layout-constrained wp-block-group-is-layout-constrained\">\n<div class=\"wp-block-group has-global-padding is-layout-constrained wp-block-group-is-layout-constrained\">\n<h2 class=\"wp-block-heading\">HAUPTSPONSOR<\/h2>\n\n\n\n<p><strong>Kanaltechnik Mike Hedrich<\/strong><br>Nordstra\u00dfe 43<br>09113 Chemnitz<br><a href=\"http:\/\/www.hm-kanaltechnik.com\/\" target=\"_blank\" rel=\"noreferrer noopener\">hm-kanaltechnik.com<\/a><\/p>\n<\/div>\n\n\n\n<div class=\"wp-block-group has-global-padding is-layout-constrained wp-block-group-is-layout-constrained\">\n<h2 class=\"wp-block-heading\">MOBILIT\u00c4TSSPONSOR<\/h2>\n\n\n\n<p><strong>Autohaus Lohs<br><\/strong>Kreuzeiche 8<br>09212 Limbach-Oberfrohna<br><a href=\"https:\/\/www.autohaus-lohs.de\/\" target=\"_blank\" rel=\"noreferrer noopener\">autohaus-lohs.de<\/a><\/p>\n<\/div>\n\n\n\n<div class=\"wp-block-group has-global-padding is-layout-constrained wp-block-group-is-layout-constrained\">\n<h2 class=\"wp-block-heading\">PARTNER<\/h2>\n\n\n\n<p><strong>Lindner Maschinenbau<\/strong><br>Hohensteiner Stra\u00dfe 103<br>09212 Limbach-Oberfrohna<br><a href=\"http:\/\/www.lindner-maschinenbau.de\/\" target=\"_blank\" rel=\"noreferrer noopener\">lindner-maschinenbau.de<\/a><\/p>\n\n\n\n<p><strong>Sanit\u00e4tshaus Hertel<\/strong><br>Helenenstr. 18-20<br>09212 Limbach-Oberfrohna<br><a href=\"http:\/\/www.sanitaetshaus-hertel.de\/\" target=\"_blank\" rel=\"noreferrer noopener\">sanitaetshaus-hertel.de<\/a><\/p>\n\n\n\n<p><strong>Vereinigte RB Burgst\u00e4dt eG<br><\/strong>Goethestr. 36<br>09217 Burgst\u00e4dt<br><a href=\"https:\/\/www.rb-burgstaedt.de\/\" target=\"_blank\" rel=\"noreferrer noopener\">rb-burgstaedt.de<\/a><\/p>\n\n\n\n<p><strong>BS-Uni-Bau GmbH<\/strong><br>Rudolf-Krahl-Stra\u00dfe 2<br>09116 Chemnitz<\/p>\n\n\n\n<p><strong>Z-Wave Europe GmbH<\/strong><br>Antonstra\u00dfe 3<br>09337 Hohenstein-Ernstthal<br><a href=\"https:\/\/www.zwave.eu\/\" target=\"_blank\" rel=\"noreferrer noopener\">zwave.eu<\/a><\/p>\n\n\n\n<p><strong>Baugesch\u00e4ft Granz GmbH<br><\/strong>K\u00f6rnerstr.&nbsp;5<br>09212 Limbach-Oberfrohna<br><a href=\"http:\/\/www.granz-gmbh.de\/\" target=\"_blank\" rel=\"noreferrer noopener\">granz-gmbh.de<\/a><\/p>\n<\/div>\n\n\n\n<div class=\"wp-block-group has-global-padding is-layout-constrained wp-block-group-is-layout-constrained\">\n<h2 class=\"wp-block-heading\">UNTERST\u00dcTZER<\/h2>\n\n\n\n<p><strong>B\u00e4ckerei K\u00e4ferstein<br><\/strong>Mehrere Standorte in Limbach-O. &amp; Umgebung<br>Weitere Infos -&gt;<br><a href=\"http:\/\/www.baeckerei-kaeferstein.com\/\" target=\"_blank\" rel=\"noreferrer noopener\">baeckerei-kaeferstein.com<\/a><\/p>\n\n\n\n<p><strong>Sparkasse Chemnitz<br><\/strong>Bahnhofstra\u00dfe 51<br>09111&nbsp;Chemnitz<br><a href=\"https:\/\/www.spk-chemnitz.de\/\" target=\"_blank\" rel=\"noreferrer noopener\">spk-chemnitz.de<\/a><\/p>\n\n\n\n<p><strong>Stadt Limbach-Oberfrohna<br><\/strong>Rathausplatz 1<br>09212 Limbach-Oberfrohna<br><a href=\"http:\/\/www.limbach-oberfrohna.de\/\" target=\"_blank\" rel=\"noreferrer noopener\">limbach-oberfrohna.de<\/a><\/p>\n\n\n\n<p><strong>Freistaat Sachsen<\/strong><br>S\u00e4chsische Staatskanzlei<br>01095 Dresden<br><a href=\"mailto:info@sk.sachsen.de\">info@sk.sachsen.de<\/a><\/p>\n<\/div>\n\n\n\n<div class=\"wp-block-group has-global-padding is-layout-constrained wp-block-group-is-layout-constrained\">\n<p><strong>Fuhrunternehmen Andreas Landgraf<br><\/strong>Kreuzstrasse 7<br>09212 Limbach-Oberfrohna<br><a href=\"http:\/\/landgraf-fuhrunternehmen.de\/\" target=\"_blank\" rel=\"noreferrer noopener\">landgraf-fuhrunternehmen.de<\/a><\/p>\n\n\n\n<p><strong>Fleischerei Uwe Kn\u00f6bel<br><\/strong>Georgstr. &nbsp;22<br>09212&nbsp;Limbach-Oberfrohna<\/p>\n<\/div>\n<\/div>\n","protected":false},"excerpt":{"rendered":"<p>HAUPTSPONSOR Kanaltechnik Mike HedrichNordstra\u00dfe 4309113 Chemnitzhm-kanaltechnik.com MOBILIT\u00c4TSSPONSOR Autohaus LohsKreuzeiche 809212 Limbach-Oberfrohnaautohaus-lohs.de PARTNER Lindner MaschinenbauHohensteiner Stra\u00dfe 10309212 Limbach-Oberfrohnalindner-maschinenbau.de Sanit\u00e4tshaus HertelHelenenstr. 18-2009212 Limbach-Oberfrohnasanitaetshaus-hertel.de Vereinigte RB Burgst\u00e4dt eGGoethestr. 3609217 Burgst\u00e4dtrb-burgstaedt.de BS-Uni-Bau GmbHRudolf-Krahl-Stra\u00dfe 209116 Chemnitz Z-Wave Europe GmbHAntonstra\u00dfe 309337 Hohenstein-Ernstthalzwave.eu Baugesch\u00e4ft Granz GmbHK\u00f6rnerstr.&nbsp;509212 Limbach-Oberfrohnagranz-gmbh.de UNTERST\u00dcTZER B\u00e4ckerei K\u00e4fersteinMehrere Standorte in Limbach-O. &amp; UmgebungWeitere Infos -&gt;baeckerei-kaeferstein.com Sparkasse ChemnitzBahnhofstra\u00dfe 5109111&nbsp;Chemnitzspk-chemnitz.de Stadt Limbach-OberfrohnaRathausplatz [&hellip;]<\/p>\n","protected":false},"author":1,"featured_media":0,"parent":0,"menu_order":0,"comment_status":"closed","ping_status":"closed","template":"","meta":{"footnotes":""},"class_list":["post-40","page","type-page","status-publish","hentry"],"_links":{"self":[{"href":"http:\/\/tv-oberfrohna.de\/index.php?rest_route=\/wp\/v2\/pages\/40","targetHints":{"allow":["GET"]}}],"collection":[{"href":"http:\/\/tv-oberfrohna.de\/index.php?rest_route=\/wp\/v2\/pages"}],"about":[{"href":"http:\/\/tv-oberfrohna.de\/index.php?rest_route=\/wp\/v2\/types\/page"}],"author":[{"embeddable":true,"href":"http:\/\/tv-oberfrohna.de\/index.php?rest_route=\/wp\/v2\/users\/1"}],"replies":[{"embeddable":true,"href":"http:\/\/tv-oberfrohna.de\/index.php?rest_route=%2Fwp%2Fv2%2Fcomments&post=40"}],"version-history":[{"count":5,"href":"http:\/\/tv-oberfrohna.de\/index.php?rest_route=\/wp\/v2\/pages\/40\/revisions"}],"predecessor-version":[{"id":2075,"href":"http:\/\/tv-oberfrohna.de\/index.php?rest_route=\/wp\/v2\/pages\/40\/revisions\/2075"}],"wp:attachment":[{"href":"http:\/\/tv-oberfrohna.de\/index.php?rest_route=%2Fwp%2Fv2%2Fmedia&parent=40"}],"curies":[{"name":"wp","href":"https:\/\/api.w.org\/{rel}","templated":true}]}}