{"id":1822,"date":"2025-11-09T16:26:10","date_gmt":"2025-11-09T16:26:10","guid":{"rendered":"https:\/\/tv-oberfrohna.de\/?page_id=1822"},"modified":"2025-11-09T16:26:10","modified_gmt":"2025-11-09T16:26:10","slug":"streetdance-uppermovement1862","status":"publish","type":"page","link":"http:\/\/tv-oberfrohna.de\/?page_id=1822","title":{"rendered":"Streetdance &#8222;upperMovement1862&#8220;"},"content":{"rendered":"\n<p>Streetdance ist ein Sammelbegriff f\u00fcr urbane, auf der Stra\u00dfe und in Clubs<br>entstandene Tanzformen, deren Grundlage Funk, Hip-Hop-Musik oder Elektronische Tanzmusik bilden.<br>Die w\u00f6chentlichen Trainingseinheit besteht in der Regel aus Erw\u00e4rmung,<br>Choreographie- und Techniktraining sowie jeder Menge Spa\u00df beim Vertanzen<br>aktueller Trends.<br>Bitte folgt uns gern auf Instagram und verpasst kein neues Reel (<a href=\"https:\/\/www.instagram.com\/upper_movement1862\/\">@upper_movement1862<\/a>). Dort findet ihr auch aktuelle News zu Auftritten.<br>Neben dem Training steht das w\u00f6chentliche Zusammentreffen von Frauen im<br>Vordergrund, die w\u00e4hrend Trainingszeit und anschlie\u00dfender Nachbesprechung am TVO-Beach einfach mal dem Alltag entfliehen k\u00f6nnen.<\/p>\n\n\n\n<p>Trainingszeiten\/-Ort:<br>Montag (18.00 Uhr \u2013 19.20 Uhr)<br>Jahnhaus, kleiner Turnsaal<\/p>\n\n\n\n<p>Trainingsgruppe:<br>Die Streetdance-Gruppe ist nur f\u00fcr \u00dc-30-Frauen. Trainerin ist Lisa-Marie Reichelt (<em>Ostdeutsche Meisterin<\/em> im Hip-Hop).<br>Hinweis: Aktuell sind keine freien Pl\u00e4tze verf\u00fcgbar.<\/p>\n\n\n\n<p>Ansprechpartner:<br>Maria Schoppe (Mannschaftsleiterin)<br>Tel.: 0174 \/ 34 31 400<br>Email: uppermovement1862@web.de<\/p>\n","protected":false},"excerpt":{"rendered":"<p>Streetdance ist ein Sammelbegriff f\u00fcr urbane, auf der Stra\u00dfe und in Clubsentstandene Tanzformen, deren Grundlage Funk, Hip-Hop-Musik oder Elektronische Tanzmusik bilden.Die w\u00f6chentlichen Trainingseinheit besteht in der Regel aus Erw\u00e4rmung,Choreographie- und Techniktraining sowie jeder Menge Spa\u00df beim Vertanzenaktueller Trends.Bitte folgt uns gern auf Instagram und verpasst kein neues Reel (@upper_movement1862). Dort findet ihr auch aktuelle News [&hellip;]<\/p>\n","protected":false},"author":1,"featured_media":0,"parent":0,"menu_order":0,"comment_status":"closed","ping_status":"closed","template":"","meta":{"footnotes":""},"class_list":["post-1822","page","type-page","status-publish","hentry"],"_links":{"self":[{"href":"http:\/\/tv-oberfrohna.de\/index.php?rest_route=\/wp\/v2\/pages\/1822","targetHints":{"allow":["GET"]}}],"collection":[{"href":"http:\/\/tv-oberfrohna.de\/index.php?rest_route=\/wp\/v2\/pages"}],"about":[{"href":"http:\/\/tv-oberfrohna.de\/index.php?rest_route=\/wp\/v2\/types\/page"}],"author":[{"embeddable":true,"href":"http:\/\/tv-oberfrohna.de\/index.php?rest_route=\/wp\/v2\/users\/1"}],"replies":[{"embeddable":true,"href":"http:\/\/tv-oberfrohna.de\/index.php?rest_route=%2Fwp%2Fv2%2Fcomments&post=1822"}],"version-history":[{"count":3,"href":"http:\/\/tv-oberfrohna.de\/index.php?rest_route=\/wp\/v2\/pages\/1822\/revisions"}],"predecessor-version":[{"id":1825,"href":"http:\/\/tv-oberfrohna.de\/index.php?rest_route=\/wp\/v2\/pages\/1822\/revisions\/1825"}],"wp:attachment":[{"href":"http:\/\/tv-oberfrohna.de\/index.php?rest_route=%2Fwp%2Fv2%2Fmedia&parent=1822"}],"curies":[{"name":"wp","href":"https:\/\/api.w.org\/{rel}","templated":true}]}}