{"id":13,"date":"2024-04-14T07:35:20","date_gmt":"2024-04-14T07:35:20","guid":{"rendered":"http:\/\/85.215.161.183\/TvoDev\/?page_id=13"},"modified":"2024-09-25T17:22:21","modified_gmt":"2024-09-25T17:22:21","slug":"events","status":"publish","type":"page","link":"http:\/\/tv-oberfrohna.de\/?page_id=13","title":{"rendered":"Events"},"content":{"rendered":"\n<div class=\"wp-block-query is-layout-flow wp-block-query-is-layout-flow\"><ul class=\"wp-block-post-template is-layout-flow wp-block-post-template-is-layout-flow\"><li class=\"wp-block-post post-303 page type-page status-publish has-post-thumbnail hentry\">\n\n<div class=\"wp-block-columns alignwide is-layout-flex wp-container-core-columns-is-layout-28f84493 wp-block-columns-is-layout-flex\">\n<div class=\"wp-block-column is-layout-flow wp-block-column-is-layout-flow\" style=\"flex-basis:66.66%\"><figure class=\"wp-block-post-featured-image\"><a href=\"http:\/\/tv-oberfrohna.de\/?page_id=303\" target=\"_self\"  ><img loading=\"lazy\" decoding=\"async\" width=\"240\" height=\"300\" src=\"http:\/\/tv-oberfrohna.de\/wp-content\/uploads\/2024\/09\/Plakat_Rosenmontag_2024_2_a-240x300-1.jpg\" class=\"attachment-post-thumbnail size-post-thumbnail wp-post-image\" alt=\"Rosenmontag 2024\" style=\"object-fit:cover;\" \/><\/a><\/figure><\/div>\n\n\n\n<div class=\"wp-block-column is-layout-flow wp-block-column-is-layout-flow\" style=\"flex-basis:33.33%\"><h2 class=\"wp-block-post-title\"><a href=\"http:\/\/tv-oberfrohna.de\/?page_id=303\" target=\"_self\" >Rosenmontag 2024<\/a><\/h2>\n\n<div class=\"wp-block-post-excerpt\"><p class=\"wp-block-post-excerpt__excerpt\">Liebe Narren und Faschingsfreunde, zur traditionellen Rosenmontagsparty 2024 (12.2.) versetzen wir uns mit Euch ein paar Jahre zur\u00fcck und feiern gemeinsam im Jahnhaus das Ossigl\u00fcck! Unter dem Motto: SEID BEREIT, IMMER BEREIT! ZUR ROSENMONTAGSWENDE IM DEDERONKLEID werden in allen R\u00e4umen die \u201cMauern\u201d wackeln und hemmungslos gefeiert. Mit den erfahrenen DJ-Pionieren Hafer &amp; Ede, DJ Egge,&hellip; <\/p><\/div><\/div>\n<\/div>\n\n<\/li><\/ul><\/div>\n\n\n\n<p><\/p>\n","protected":false},"excerpt":{"rendered":"","protected":false},"author":1,"featured_media":0,"parent":0,"menu_order":0,"comment_status":"closed","ping_status":"closed","template":"","meta":{"footnotes":""},"class_list":["post-13","page","type-page","status-publish","hentry"],"_links":{"self":[{"href":"http:\/\/tv-oberfrohna.de\/index.php?rest_route=\/wp\/v2\/pages\/13","targetHints":{"allow":["GET"]}}],"collection":[{"href":"http:\/\/tv-oberfrohna.de\/index.php?rest_route=\/wp\/v2\/pages"}],"about":[{"href":"http:\/\/tv-oberfrohna.de\/index.php?rest_route=\/wp\/v2\/types\/page"}],"author":[{"embeddable":true,"href":"http:\/\/tv-oberfrohna.de\/index.php?rest_route=\/wp\/v2\/users\/1"}],"replies":[{"embeddable":true,"href":"http:\/\/tv-oberfrohna.de\/index.php?rest_route=%2Fwp%2Fv2%2Fcomments&post=13"}],"version-history":[{"count":4,"href":"http:\/\/tv-oberfrohna.de\/index.php?rest_route=\/wp\/v2\/pages\/13\/revisions"}],"predecessor-version":[{"id":302,"href":"http:\/\/tv-oberfrohna.de\/index.php?rest_route=\/wp\/v2\/pages\/13\/revisions\/302"}],"wp:attachment":[{"href":"http:\/\/tv-oberfrohna.de\/index.php?rest_route=%2Fwp%2Fv2%2Fmedia&parent=13"}],"curies":[{"name":"wp","href":"https:\/\/api.w.org\/{rel}","templated":true}]}}